{"id":7,"date":"2021-01-18T17:56:56","date_gmt":"2021-01-18T17:56:56","guid":{"rendered":"https:\/\/pravnystat.eu\/?page_id=7"},"modified":"2021-01-19T22:05:12","modified_gmt":"2021-01-19T22:05:12","slug":"kontakt","status":"publish","type":"page","link":"https:\/\/pravnystat.eu\/en\/kontakt\/","title":{"rendered":"Contact"},"content":{"rendered":"\t\t<div data-elementor-type=\"wp-page\" data-elementor-id=\"7\" class=\"elementor elementor-7\">\n\t\t\t\t\t\t<section class=\"elementor-section elementor-top-section elementor-element elementor-element-3766ac27 elementor-section-boxed elementor-section-height-default elementor-section-height-default\" data-id=\"3766ac27\" data-element_type=\"section\" data-e-type=\"section\">\n\t\t\t\t\t\t<div class=\"elementor-container elementor-column-gap-default\">\n\t\t\t\t\t<div class=\"elementor-column elementor-col-100 elementor-top-column elementor-element elementor-element-7a075cdf\" data-id=\"7a075cdf\" data-element_type=\"column\" data-e-type=\"column\">\n\t\t\t<div class=\"elementor-widget-wrap elementor-element-populated\">\n\t\t\t\t\t\t<div class=\"elementor-element elementor-element-727a927f elementor-widget elementor-widget-text-editor\" data-id=\"727a927f\" data-element_type=\"widget\" data-e-type=\"widget\" data-widget_type=\"text-editor.default\">\n\t\t\t\t<div class=\"elementor-widget-container\">\n\t\t\t\t\t\t\t\t\t<p><\/p>\n<p><\/p>\n<p class=\"MsoNormal\" style=\"line-height: var(--wp--typography--line-height, --global--line-height-body); max-width: var(--global--spacing-measure); color: #f0f0f0;\"><span style=\"color: rgb(244, 244, 244); font-weight: bold; text-indent: -24px;\">Pre podporenie v\u00fdzvy n\u00e1s kontaktujte na info@pravnystat.eu, alebo pou\u017eite formul\u00e1r.<\/span><br><\/p>\n<p><\/p>\t\t\t\t\t\t\t\t<\/div>\n\t\t\t\t<\/div>\n\t\t\t\t\t<\/div>\n\t\t<\/div>\n\t\t\t\t\t<\/div>\n\t\t<\/section>\n\t\t\t\t<section class=\"elementor-section elementor-top-section elementor-element elementor-element-f20c99b elementor-section-boxed elementor-section-height-default elementor-section-height-default\" data-id=\"f20c99b\" data-element_type=\"section\" data-e-type=\"section\">\n\t\t\t\t\t\t<div class=\"elementor-container elementor-column-gap-default\">\n\t\t\t\t\t<div class=\"elementor-column elementor-col-100 elementor-top-column elementor-element elementor-element-6cbe886\" data-id=\"6cbe886\" data-element_type=\"column\" data-e-type=\"column\">\n\t\t\t<div class=\"elementor-widget-wrap elementor-element-populated\">\n\t\t\t\t\t\t<div class=\"elementor-element elementor-element-8e5f682 elementor-widget elementor-widget-text-editor\" data-id=\"8e5f682\" data-element_type=\"widget\" data-e-type=\"widget\" data-widget_type=\"text-editor.default\">\n\t\t\t\t<div class=\"elementor-widget-container\">\n\t\t\t\t\t\t\t\t\t<p><div class=\"frm_forms  with_frm_style frm_style_formidable-style\" id=\"frm_form_2_container\" >\n<form enctype=\"multipart\/form-data\" method=\"post\" class=\"frm-show-form \" id=\"form_podporavyzvy\" >\n<div class=\"frm_form_fields \">\n<fieldset>\n<legend class=\"frm_screen_reader\">podpora vyzvy<\/legend>\r\n\r\n<div class=\"frm_fields_container\">\n<input type=\"hidden\" name=\"frm_action\" value=\"create\" \/>\n<input type=\"hidden\" name=\"form_id\" value=\"2\" \/>\n<input type=\"hidden\" name=\"frm_hide_fields_2\" id=\"frm_hide_fields_2\" value=\"\" \/>\n<input type=\"hidden\" name=\"form_key\" value=\"podporavyzvy\" \/>\n<input type=\"hidden\" name=\"item_meta[0]\" value=\"\" \/>\n<input type=\"hidden\" id=\"frm_submit_entry_2\" name=\"frm_submit_entry_2\" value=\"b63ec658ae\" \/><input type=\"hidden\" name=\"_wp_http_referer\" value=\"\/en\/wp-json\/wp\/v2\/pages\/7\" \/><div id=\"frm_field_6_container\" class=\"frm_form_field form-field  frm_required_field frm_top_container\">\r\n    <label for=\"field_b7c85\" id=\"field_b7c85_label\" class=\"frm_primary_label\">Va\u0161e meno (povinn\u00e9)\r\n        <span class=\"frm_required\">*<\/span>\r\n    <\/label>\r\n    <input type=\"text\" id=\"field_b7c85\" name=\"item_meta[6]\" value=\"\"  data-reqmsg=\"Va\u0161e meno (povinn\u00e9) cannot be blank.\" aria-required=\"true\" data-invmsg=\"Text is invalid\" aria-invalid=\"false\"  \/>\r\n    \r\n    \r\n<\/div>\n<div id=\"frm_field_7_container\" class=\"frm_form_field form-field  frm_required_field frm_top_container\">\r\n    <label for=\"field_cxpmo\" id=\"field_cxpmo_label\" class=\"frm_primary_label\">Email (povinn\u00e9)\r\n        <span class=\"frm_required\">*<\/span>\r\n    <\/label>\r\n    <input type=\"email\" id=\"field_cxpmo\" name=\"item_meta[7]\" value=\"\"  data-reqmsg=\"Email (povinn\u00e9) cannot be blank.\" aria-required=\"true\" data-invmsg=\"Email is invalid\" aria-invalid=\"false\"  \/>\r\n    \r\n    \r\n<\/div>\n<div id=\"frm_field_8_container\" class=\"frm_form_field form-field  frm_required_field frm_top_container vertical_radio\">\r\n    <div  id=\"field_d06m0_label\" class=\"frm_primary_label\">Povolanie (povinn\u00e9)\r\n        <span class=\"frm_required\">*<\/span>\r\n    <\/div>\r\n    <div class=\"frm_opt_container\" aria-labelledby=\"field_d06m0_label\" role=\"radiogroup\" aria-required=\"true\">\t\t<div class=\"frm_radio\" id=\"frm_radio_8-0\">\t\t\t<label  for=\"field_d06m0-0\">\n\t\t\t\t\t<input type=\"radio\" name=\"item_meta[8]\" id=\"field_d06m0-0\" value=\"sudca\"\n\t\t data-reqmsg=\"Povolanie (povinn\u00e9) cannot be blank.\" data-invmsg=\"Povolanie (povinn\u00e9) is invalid\"   \/> sudca<\/label><\/div>\n\t\t<div class=\"frm_radio\" id=\"frm_radio_8-1\">\t\t\t<label  for=\"field_d06m0-1\">\n\t\t\t\t\t<input type=\"radio\" name=\"item_meta[8]\" id=\"field_d06m0-1\" value=\"advok\u00e1t\"\n\t\t data-reqmsg=\"Povolanie (povinn\u00e9) cannot be blank.\" data-invmsg=\"Povolanie (povinn\u00e9) is invalid\"   \/> advok\u00e1t<\/label><\/div>\n\t\t<div class=\"frm_radio\" id=\"frm_radio_8-2\">\t\t\t<label  for=\"field_d06m0-2\">\n\t\t\t\t\t<input type=\"radio\" name=\"item_meta[8]\" id=\"field_d06m0-2\" value=\"in\u00e1 pr\u00e1vnick\u00e1 profesia\"\n\t\t data-reqmsg=\"Povolanie (povinn\u00e9) cannot be blank.\" data-invmsg=\"Povolanie (povinn\u00e9) is invalid\"   \/> in\u00e1 pr\u00e1vnick\u00e1 profesia<\/label><\/div>\n<\/div>\r\n    \r\n    \r\n<\/div>\n\t<input type=\"hidden\" name=\"item_key\" value=\"\" \/>\n\t\t\t<div id=\"frm_field_9_container\">\n\t\t\t<label for=\"field_i0lgx\" >\n\t\t\t\tIf you are human, leave this field blank.\t\t\t<\/label>\n\t\t\t<input  id=\"field_i0lgx\" type=\"text\" class=\"frm_form_field form-field frm_verify\" name=\"item_meta[9]\" value=\"\"  \/>\n\t\t<\/div>\n\t\t<input name=\"frm_state\" type=\"hidden\" value=\"1U8w+I9BuPncxWjO+EXaYSWmPgOcMLGFz0DYB+lbWfM=\" \/><div class=\"frm_submit\">\r\n\r\n<button class=\"frm_button_submit has-text-color has-background\" type=\"submit\"  >Odosla\u0165<\/button>\r\n\r\n<\/div><\/div>\n<\/fieldset>\n<\/div>\n\n<\/form>\n<\/div>\n<\/p>\t\t\t\t\t\t\t\t<\/div>\n\t\t\t\t<\/div>\n\t\t\t\t\t<\/div>\n\t\t<\/div>\n\t\t\t\t\t<\/div>\n\t\t<\/section>\n\t\t\t\t<\/div>\n\t\t","protected":false},"excerpt":{"rendered":"<p>To support the call, contact us at info@pravnystat.eu, or use the form.<\/p>","protected":false},"author":2,"featured_media":0,"parent":0,"menu_order":0,"comment_status":"closed","ping_status":"closed","template":"","meta":{"footnotes":""},"class_list":["post-7","page","type-page","status-publish","hentry","entry"],"_links":{"self":[{"href":"https:\/\/pravnystat.eu\/en\/wp-json\/wp\/v2\/pages\/7","targetHints":{"allow":["GET"]}}],"collection":[{"href":"https:\/\/pravnystat.eu\/en\/wp-json\/wp\/v2\/pages"}],"about":[{"href":"https:\/\/pravnystat.eu\/en\/wp-json\/wp\/v2\/types\/page"}],"author":[{"embeddable":true,"href":"https:\/\/pravnystat.eu\/en\/wp-json\/wp\/v2\/users\/2"}],"replies":[{"embeddable":true,"href":"https:\/\/pravnystat.eu\/en\/wp-json\/wp\/v2\/comments?post=7"}],"version-history":[{"count":10,"href":"https:\/\/pravnystat.eu\/en\/wp-json\/wp\/v2\/pages\/7\/revisions"}],"predecessor-version":[{"id":210,"href":"https:\/\/pravnystat.eu\/en\/wp-json\/wp\/v2\/pages\/7\/revisions\/210"}],"wp:attachment":[{"href":"https:\/\/pravnystat.eu\/en\/wp-json\/wp\/v2\/media?parent=7"}],"curies":[{"name":"wp","href":"https:\/\/api.w.org\/{rel}","templated":true}]}}