{"id":153,"date":"2021-01-19T19:22:55","date_gmt":"2021-01-19T19:22:55","guid":{"rendered":"https:\/\/pravnystat.eu\/?page_id=153"},"modified":"2021-01-19T20:50:34","modified_gmt":"2021-01-19T20:50:34","slug":"test","status":"publish","type":"page","link":"https:\/\/pravnystat.eu\/en\/test\/","title":{"rendered":"test"},"content":{"rendered":"<div class=\"frm_forms  with_frm_style frm_style_formidable-style\" id=\"frm_form_2_container\" >\n<form enctype=\"multipart\/form-data\" method=\"post\" class=\"frm-show-form \" id=\"form_podporavyzvy\" >\n<div class=\"frm_form_fields \">\n<fieldset>\n<legend class=\"frm_screen_reader\">podpora vyzvy<\/legend>\r\n\r\n<div class=\"frm_fields_container\">\n<input type=\"hidden\" name=\"frm_action\" value=\"create\" \/>\n<input type=\"hidden\" name=\"form_id\" value=\"2\" \/>\n<input type=\"hidden\" name=\"frm_hide_fields_2\" id=\"frm_hide_fields_2\" value=\"\" \/>\n<input type=\"hidden\" name=\"form_key\" value=\"podporavyzvy\" \/>\n<input type=\"hidden\" name=\"item_meta[0]\" value=\"\" \/>\n<input type=\"hidden\" id=\"frm_submit_entry_2\" name=\"frm_submit_entry_2\" value=\"e12ad00b55\" \/><input type=\"hidden\" name=\"_wp_http_referer\" value=\"\/en\/wp-json\/wp\/v2\/pages\/153\" \/><div id=\"frm_field_6_container\" class=\"frm_form_field form-field  frm_required_field frm_top_container\">\r\n    <label for=\"field_b7c85\" id=\"field_b7c85_label\" class=\"frm_primary_label\">Va\u0161e meno (povinn\u00e9)\r\n        <span class=\"frm_required\">*<\/span>\r\n    <\/label>\r\n    <input type=\"text\" id=\"field_b7c85\" name=\"item_meta[6]\" value=\"\"  data-reqmsg=\"Va\u0161e meno (povinn\u00e9) cannot be blank.\" aria-required=\"true\" data-invmsg=\"Text is invalid\" aria-invalid=\"false\"  \/>\r\n    \r\n    \r\n<\/div>\n<div id=\"frm_field_7_container\" class=\"frm_form_field form-field  frm_required_field frm_top_container\">\r\n    <label for=\"field_cxpmo\" id=\"field_cxpmo_label\" class=\"frm_primary_label\">Email (povinn\u00e9)\r\n        <span class=\"frm_required\">*<\/span>\r\n    <\/label>\r\n    <input type=\"email\" id=\"field_cxpmo\" name=\"item_meta[7]\" value=\"\"  data-reqmsg=\"Email (povinn\u00e9) cannot be blank.\" aria-required=\"true\" data-invmsg=\"Email is invalid\" aria-invalid=\"false\"  \/>\r\n    \r\n    \r\n<\/div>\n<div id=\"frm_field_8_container\" class=\"frm_form_field form-field  frm_required_field frm_top_container vertical_radio\">\r\n    <div  id=\"field_d06m0_label\" class=\"frm_primary_label\">Povolanie (povinn\u00e9)\r\n        <span class=\"frm_required\">*<\/span>\r\n    <\/div>\r\n    <div class=\"frm_opt_container\" aria-labelledby=\"field_d06m0_label\" role=\"radiogroup\" aria-required=\"true\">\t\t<div class=\"frm_radio\" id=\"frm_radio_8-0\">\t\t\t<label  for=\"field_d06m0-0\">\n\t\t\t\t\t<input type=\"radio\" name=\"item_meta[8]\" id=\"field_d06m0-0\" value=\"sudca\"\n\t\t data-reqmsg=\"Povolanie (povinn\u00e9) cannot be blank.\" data-invmsg=\"Povolanie (povinn\u00e9) is invalid\"   \/> sudca<\/label><\/div>\n\t\t<div class=\"frm_radio\" id=\"frm_radio_8-1\">\t\t\t<label  for=\"field_d06m0-1\">\n\t\t\t\t\t<input type=\"radio\" name=\"item_meta[8]\" id=\"field_d06m0-1\" value=\"advok\u00e1t\"\n\t\t data-reqmsg=\"Povolanie (povinn\u00e9) cannot be blank.\" data-invmsg=\"Povolanie (povinn\u00e9) is invalid\"   \/> advok\u00e1t<\/label><\/div>\n\t\t<div class=\"frm_radio\" id=\"frm_radio_8-2\">\t\t\t<label  for=\"field_d06m0-2\">\n\t\t\t\t\t<input type=\"radio\" name=\"item_meta[8]\" id=\"field_d06m0-2\" value=\"in\u00e1 pr\u00e1vnick\u00e1 profesia\"\n\t\t data-reqmsg=\"Povolanie (povinn\u00e9) cannot be blank.\" data-invmsg=\"Povolanie (povinn\u00e9) is invalid\"   \/> in\u00e1 pr\u00e1vnick\u00e1 profesia<\/label><\/div>\n<\/div>\r\n    \r\n    \r\n<\/div>\n\t<input type=\"hidden\" name=\"item_key\" value=\"\" \/>\n\t\t\t<div id=\"frm_field_9_container\">\n\t\t\t<label for=\"field_lf0me\" >\n\t\t\t\tIf you are human, leave this field blank.\t\t\t<\/label>\n\t\t\t<input  id=\"field_lf0me\" type=\"text\" class=\"frm_form_field form-field frm_verify\" name=\"item_meta[9]\" value=\"\"  \/>\n\t\t<\/div>\n\t\t<input name=\"frm_state\" type=\"hidden\" value=\"1U8w+I9BuPncxWjO+EXaYSWmPgOcMLGFz0DYB+lbWfM=\" \/><div class=\"frm_submit\">\r\n\r\n<button class=\"frm_button_submit has-text-color has-background\" type=\"submit\"  >Odosla\u0165<\/button>\r\n\r\n<\/div><\/div>\n<\/fieldset>\n<\/div>\n\n<\/form>\n<\/div>\n\n","protected":false},"excerpt":{"rendered":"","protected":false},"author":2,"featured_media":0,"parent":0,"menu_order":0,"comment_status":"closed","ping_status":"closed","template":"","meta":{"footnotes":""},"class_list":["post-153","page","type-page","status-publish","hentry","entry"],"_links":{"self":[{"href":"https:\/\/pravnystat.eu\/en\/wp-json\/wp\/v2\/pages\/153","targetHints":{"allow":["GET"]}}],"collection":[{"href":"https:\/\/pravnystat.eu\/en\/wp-json\/wp\/v2\/pages"}],"about":[{"href":"https:\/\/pravnystat.eu\/en\/wp-json\/wp\/v2\/types\/page"}],"author":[{"embeddable":true,"href":"https:\/\/pravnystat.eu\/en\/wp-json\/wp\/v2\/users\/2"}],"replies":[{"embeddable":true,"href":"https:\/\/pravnystat.eu\/en\/wp-json\/wp\/v2\/comments?post=153"}],"version-history":[{"count":4,"href":"https:\/\/pravnystat.eu\/en\/wp-json\/wp\/v2\/pages\/153\/revisions"}],"predecessor-version":[{"id":182,"href":"https:\/\/pravnystat.eu\/en\/wp-json\/wp\/v2\/pages\/153\/revisions\/182"}],"wp:attachment":[{"href":"https:\/\/pravnystat.eu\/en\/wp-json\/wp\/v2\/media?parent=153"}],"curies":[{"name":"wp","href":"https:\/\/api.w.org\/{rel}","templated":true}]}}